{"id":525,"date":"2026-04-27T21:34:04","date_gmt":"2026-04-27T21:34:04","guid":{"rendered":"https:\/\/www.dtf-timeline.fr\/index.php\/produit\/sticker\/"},"modified":"2026-04-27T22:47:25","modified_gmt":"2026-04-27T22:47:25","slug":"sticker","status":"publish","type":"product","link":"https:\/\/www.dtf-timeline.fr\/index.php\/produit\/sticker\/","title":{"rendered":"Concepteur de planche ( Gratuit )"},"content":{"rendered":"<p>\ud83d\ude80 Cr\u00e9ez votre planche DTF en quelques clics<\/p>\n<p>Gagnez du temps et optimisez vos impressions gr\u00e2ce \u00e0 notre syst\u00e8me de mise en page simple et rapide.<\/p>\n<p>\ud83d\udda5\ufe0f 1. Choisissez votre format<br \/>\nS\u00e9lectionnez la taille de planche adapt\u00e9e \u00e0 votre besoin (100 \u00d7 57 cm ou autre).<\/p>\n<p>\ud83c\udfa8 2. Cr\u00e9ez votre planche<br \/>\nImportez et positionnez vos logos comme vous le souhaitez.<br \/>\n\u27a1\ufe0f Pour un rendu parfait, utilisez uniquement des visuels avec fond transparent.<\/p>\n<p>Formats accept\u00e9s : PDF, PNG, AI, PSD<\/p>\n<p>\ud83d\udcbe 3. T\u00e9l\u00e9chargez votre fichier<br \/>\nUne fois votre planche pr\u00eate, exportez-la directement sur votre ordinateur.<\/p>\n<p>\ud83d\uded2 4. Passez commande<br \/>\nAjoutez le produit correspondant \u00e0 votre format, puis uploadez votre fichier en quelques secondes.<\/p>\n<p>\u2e3b<\/p>\n<p>\u2705 Pourquoi utiliser notre syst\u00e8me ?<\/p>\n<p>\u2714 Gain de temps<br \/>\n\u2714 Libert\u00e9 totale de mise en page<br \/>\n\u2714 Optimisation maximale de votre planche<br \/>\n\u2714 Impression professionnelle haute qualit\u00e9<\/p>\n<p>\u2e3b<\/p>\n<p>\ud83d\udca1 Astuce pro :<br \/>\nPlus votre planche est optimis\u00e9e, plus votre co\u00fbt \u00e0 l\u2019impression est r\u00e9duit.<\/p>\n<p>\ud83d\udcde Une question ? Un doute sur votre fichier ?<br \/>\nContactez-nous, on vous accompagne rapidement.<\/p>\n","protected":false},"excerpt":{"rendered":"<p>\ud83d\ude80 Cr\u00e9ez votre planche DTF en quelques clics<\/p>\n<p>Gagnez du temps et optimisez vos impressions gr\u00e2ce \u00e0 notre syst\u00e8me de mise en page simple et rapide.<\/p>\n<p>\ud83d\udda5\ufe0f 1. Choisissez votre format<br \/>\nS\u00e9lectionnez la taille de planche adapt\u00e9e \u00e0 votre besoin (100 \u00d7 57 cm ou autre).<\/p>\n<p>\ud83c\udfa8 2. Cr\u00e9ez votre planche<br \/>\nImportez et positionnez vos logos comme vous le souhaitez.<br \/>\n\u27a1\ufe0f Pour un rendu parfait, utilisez uniquement des visuels avec fond transparent.<\/p>\n<p>Formats accept\u00e9s : PDF, PNG, AI, PSD<\/p>\n<p>\ud83d\udcbe 3. T\u00e9l\u00e9chargez votre fichier<br \/>\nUne fois votre planche pr\u00eate, exportez-la directement sur votre ordinateur.<\/p>\n<p>\ud83d\uded2 4. Passez commande<br \/>\nAjoutez le produit correspondant \u00e0 votre format, puis uploadez votre fichier en quelques secondes.<\/p>\n<p>\u2e3b<\/p>\n<p>\u2705 Pourquoi utiliser notre syst\u00e8me ?<\/p>\n<p>\u2714 Gain de temps<br \/>\n\u2714 Libert\u00e9 totale de mise en page<br \/>\n\u2714 Optimisation maximale de votre planche<br \/>\n\u2714 Impression professionnelle haute qualit\u00e9<\/p>\n<p>\u2e3b<\/p>\n<p>\ud83d\udca1 Astuce pro :<br \/>\nPlus votre planche est optimis\u00e9e, plus votre co\u00fbt \u00e0 l\u2019impression est r\u00e9duit.<\/p>\n<p>\ud83d\udcde Une question ? Un doute sur votre fichier ?<br \/>\nContactez-nous, on vous accompagne rapidement.<\/p>\n","protected":false},"featured_media":59,"comment_status":"open","ping_status":"closed","template":"","meta":[],"product_brand":[],"product_cat":[15],"product_tag":[],"class_list":{"0":"post-525","1":"product","2":"type-product","3":"status-publish","4":"has-post-thumbnail","6":"product_cat-non-classe","8":"first","9":"instock","10":"sale","11":"taxable","12":"shipping-taxable","13":"purchasable","14":"product-type-variable"},"jetpack_sharing_enabled":true,"_links":{"self":[{"href":"https:\/\/www.dtf-timeline.fr\/index.php\/wp-json\/wp\/v2\/product\/525","targetHints":{"allow":["GET"]}}],"collection":[{"href":"https:\/\/www.dtf-timeline.fr\/index.php\/wp-json\/wp\/v2\/product"}],"about":[{"href":"https:\/\/www.dtf-timeline.fr\/index.php\/wp-json\/wp\/v2\/types\/product"}],"replies":[{"embeddable":true,"href":"https:\/\/www.dtf-timeline.fr\/index.php\/wp-json\/wp\/v2\/comments?post=525"}],"wp:featuredmedia":[{"embeddable":true,"href":"https:\/\/www.dtf-timeline.fr\/index.php\/wp-json\/wp\/v2\/media\/59"}],"wp:attachment":[{"href":"https:\/\/www.dtf-timeline.fr\/index.php\/wp-json\/wp\/v2\/media?parent=525"}],"wp:term":[{"taxonomy":"product_brand","embeddable":true,"href":"https:\/\/www.dtf-timeline.fr\/index.php\/wp-json\/wp\/v2\/product_brand?post=525"},{"taxonomy":"product_cat","embeddable":true,"href":"https:\/\/www.dtf-timeline.fr\/index.php\/wp-json\/wp\/v2\/product_cat?post=525"},{"taxonomy":"product_tag","embeddable":true,"href":"https:\/\/www.dtf-timeline.fr\/index.php\/wp-json\/wp\/v2\/product_tag?post=525"}],"curies":[{"name":"wp","href":"https:\/\/api.w.org\/{rel}","templated":true}]}}